{"id":912,"date":"2018-07-13T15:29:38","date_gmt":"2018-07-13T13:29:38","guid":{"rendered":"http:\/\/www.apvnorge.no\/?page_id=912"},"modified":"2019-04-08T12:16:26","modified_gmt":"2019-04-08T10:16:26","slug":"how-to-eventid-errors","status":"publish","type":"page","link":"https:\/\/www.apvnorge.no\/cz\/it-knowledge-base\/how-to-eventid-errors\/","title":{"rendered":"Jak opravit EventID Errors"},"content":{"rendered":"<div id=\"apvno-2724538156\" class=\"apvno-before-content apvno-entity-placement\"><script async src=\"\/\/pagead2.googlesyndication.com\/pagead\/js\/adsbygoogle.js?client=ca-pub-7003427967427457\" crossorigin=\"anonymous\"><\/script><ins class=\"adsbygoogle\" style=\"display:inline-block;width:970px;height:250px;\" \ndata-ad-client=\"ca-pub-7003427967427457\" \ndata-ad-slot=\"6272152047\"><\/ins> \n<script> \n(adsbygoogle = window.adsbygoogle || []).push({}); \n<\/script>\n<\/div><p><script async=\"\" src=\"\/\/pagead2.googlesyndication.com\/pagead\/js\/adsbygoogle.js\"><\/script><br \/>\n<script>\n     (adsbygoogle = window.adsbygoogle || []).push({\n          google_ad_client: \"ca-pub-9046066520915631\",\n          enable_page_level_ads: true\n     });\n<\/script><br \/>\n<!-- Global site tag (gtag.js) - Google Analytics --><br \/>\n<script async=\"\" src=\"https:\/\/www.googletagmanager.com\/gtag\/js?id=UA-118718056-1\"><\/script><br \/>\n<script>\n  window.dataLayer = window.dataLayer || [];\n  function gtag(){dataLayer.push(arguments);}\n  gtag('js', new Date());\n  gtag('config', 'UA-118718056-1');\n<\/script><\/p>\n<h4><strong>Windows 10 aktualizace (KB3081444) vrac\u00ed chybu 0x80242006<\/strong><\/h4>\n<pre>Zastavte slu\u017ebu \"Windows Update Service\"\r\nKompletn\u011b vyma\u017ete adres\u00e1\u0159 \"C:windowsSoftwareDistribution\"\r\nNastartujte slu\u017ebu \"Windows Update Service\"<\/pre>\n<hr \/>\n<div id=\"apvno-65994437\" class=\"apvno-after apvno-entity-placement\"><script>\r\n_adsys_id = 33949;\r\n_adsys_size = 1;\r\n<\/script>\r\n<script src=\"https:\/\/d.wedosas.net\/d.js\"><\/script>    \r\n<\/br>\r\n<div>\r\n<script async src=\"https:\/\/pagead2.googlesyndication.com\/pagead\/js\/adsbygoogle.js\"><\/script>\r\n<!-- AD-4 -->\r\n<ins class=\"adsbygoogle\"\r\n     style=\"display:inline-block;width:970px;height:250px\"\r\n     data-ad-client=\"ca-pub-7003427967427457\"\r\n     data-ad-slot=\"6272152047\"><\/ins>\r\n<script>\r\n     (adsbygoogle = window.adsbygoogle || []).push({});\r\n<\/script><\/div>\r\n<a href=\"https:\/\/affiliates.ssl.com\/820-3-1-13.html\" target=\"_blank\"><img data-recalc-dims=\"1\" loading=\"lazy\" decoding=\"async\" style=\"border:0px\" src=\"https:\/\/i0.wp.com\/affiliates.ssl.com\/media\/banners\/SSL-banner-UC-certificate-2-v5.png?resize=640%2C79&#038;ssl=1\" width=\"640\" height=\"79\" alt=\"Microsoft Exchange SAN UCC SSL\"><\/a><\/div>","protected":false},"excerpt":{"rendered":"<p>Windows 10 aktualizace (KB3081444) vrac\u00ed chybu 0x80242006 Zastavte slu\u017ebu &#8220;Windows Update Service&#8221; Kompletn\u011b vyma\u017ete adres\u00e1\u0159 &#8220;C:windowsSoftwareDistribution&#8221; Nastartujte slu\u017ebu &#8220;Windows Update Service&#8221;<\/p>\n","protected":false},"author":1,"featured_media":0,"parent":437,"menu_order":0,"comment_status":"open","ping_status":"closed","template":"","meta":{"om_disable_all_campaigns":false,"_exactmetrics_skip_tracking":false,"_exactmetrics_sitenote_active":false,"_exactmetrics_sitenote_note":"","_exactmetrics_sitenote_category":0,"_monsterinsights_skip_tracking":false,"_monsterinsights_sitenote_active":false,"_monsterinsights_sitenote_note":"","_monsterinsights_sitenote_category":0,"_uf_show_specific_survey":0,"_uf_disable_surveys":false,"jetpack_post_was_ever_published":false,"footnotes":""},"class_list":["post-912","page","type-page","status-publish","hentry"],"translation":{"provider":"WPGlobus","version":"3.0.2","language":"cz","enabled_languages":["en","no","cz"],"languages":{"en":{"title":true,"content":true,"excerpt":false},"no":{"title":false,"content":false,"excerpt":false},"cz":{"title":true,"content":true,"excerpt":false}}},"aioseo_notices":[],"jetpack_sharing_enabled":true,"jetpack_shortlink":"https:\/\/wp.me\/P9T0bk-eI","jetpack-related-posts":[],"jetpack_likes_enabled":true,"amp_enabled":true,"_links":{"self":[{"href":"https:\/\/www.apvnorge.no\/cz\/wp-json\/wp\/v2\/pages\/912","targetHints":{"allow":["GET"]}}],"collection":[{"href":"https:\/\/www.apvnorge.no\/cz\/wp-json\/wp\/v2\/pages"}],"about":[{"href":"https:\/\/www.apvnorge.no\/cz\/wp-json\/wp\/v2\/types\/page"}],"author":[{"embeddable":true,"href":"https:\/\/www.apvnorge.no\/cz\/wp-json\/wp\/v2\/users\/1"}],"replies":[{"embeddable":true,"href":"https:\/\/www.apvnorge.no\/cz\/wp-json\/wp\/v2\/comments?post=912"}],"version-history":[{"count":10,"href":"https:\/\/www.apvnorge.no\/cz\/wp-json\/wp\/v2\/pages\/912\/revisions"}],"predecessor-version":[{"id":1350,"href":"https:\/\/www.apvnorge.no\/cz\/wp-json\/wp\/v2\/pages\/912\/revisions\/1350"}],"up":[{"embeddable":true,"href":"https:\/\/www.apvnorge.no\/cz\/wp-json\/wp\/v2\/pages\/437"}],"wp:attachment":[{"href":"https:\/\/www.apvnorge.no\/cz\/wp-json\/wp\/v2\/media?parent=912"}],"curies":[{"name":"wp","href":"https:\/\/api.w.org\/{rel}","templated":true}]}}