{"id":280,"date":"2017-06-07T10:07:02","date_gmt":"2017-06-07T09:07:02","guid":{"rendered":"http:\/\/www.apvnorge.no\/?page_id=280"},"modified":"2018-05-10T12:40:57","modified_gmt":"2018-05-10T10:40:57","slug":"2017-norsk-dagbok","status":"publish","type":"page","link":"https:\/\/www.apvnorge.no\/cz\/norsk-dagbok\/2017-norsk-dagbok\/","title":{"rendered":"2017 &#8211; Norsk dagbok"},"content":{"rendered":"<div id=\"apvno-2454063202\" class=\"apvno-before-content apvno-entity-placement\"><script async src=\"\/\/pagead2.googlesyndication.com\/pagead\/js\/adsbygoogle.js?client=ca-pub-7003427967427457\" crossorigin=\"anonymous\"><\/script><ins class=\"adsbygoogle\" style=\"display:inline-block;width:970px;height:250px;\" \ndata-ad-client=\"ca-pub-7003427967427457\" \ndata-ad-slot=\"6272152047\"><\/ins> \n<script> \n(adsbygoogle = window.adsbygoogle || []).push({}); \n<\/script>\n<\/div><p><img data-recalc-dims=\"1\" loading=\"lazy\" decoding=\"async\" class=\"alignnone size-full wp-image-264\" src=\"https:\/\/i0.wp.com\/www.apvnorge.no\/wp-content\/uploads\/2016\/12\/Flag_of_Norway.svg_.png?resize=220%2C160\" alt=\"\" width=\"220\" height=\"160\" \/><\/p>\n<p>&nbsp;<\/p>\n<p><strong>19.06.2017 &#8211;\u00a0I dag, mandag, fortsatt s\u00f8rvest periodevis stiv kuling 15 m\/s, tirsdag formiddag dreiende nordvest. \/ Dalsi den bez rybolovu, silny vitr a zakaz vjezdu na more<\/strong><\/p>\n<p>&nbsp;<\/p>\n<p><strong>17.08.2017 &#8211;\u00a0I dag, p\u00e5 jakt etter et sted utenfor kartet, 19,5 km fra kysten \/\u00a0Dnes lov na mistech mimo mapu, 19.5 km od pobrezi<\/strong><\/p>\n<p><img data-recalc-dims=\"1\" loading=\"lazy\" decoding=\"async\" class=\"alignnone size-medium wp-image-312\" src=\"https:\/\/i0.wp.com\/www.apvnorge.no\/wp-content\/uploads\/2017\/06\/IMG_8337-e1497730364415-225x300.jpg?resize=225%2C300\" alt=\"\" width=\"225\" height=\"300\" srcset=\"https:\/\/i0.wp.com\/www.apvnorge.no\/wp-content\/uploads\/2017\/06\/IMG_8337-e1497730364415.jpg?resize=225%2C300&amp;ssl=1 225w, https:\/\/i0.wp.com\/www.apvnorge.no\/wp-content\/uploads\/2017\/06\/IMG_8337-e1497730364415.jpg?resize=768%2C1024&amp;ssl=1 768w, https:\/\/i0.wp.com\/www.apvnorge.no\/wp-content\/uploads\/2017\/06\/IMG_8337-e1497730364415.jpg?w=1224&amp;ssl=1 1224w\" sizes=\"auto, (max-width: 225px) 100vw, 225px\" \/><\/p>\n<p>&nbsp;<\/p>\n<p>&nbsp;<\/p>\n<p><strong>15.06.2017 &#8211;\u00a0I dag, flott fiske, mye stor fisk&#8230; \/\u00a0Dnes velk\u00fd rybolov, hodne velkych ryb.<\/strong><\/p>\n<p>&nbsp;<\/p>\n<p><img data-recalc-dims=\"1\" loading=\"lazy\" decoding=\"async\" class=\"alignnone size-medium wp-image-303\" src=\"https:\/\/i0.wp.com\/www.apvnorge.no\/wp-content\/uploads\/2017\/06\/IMG_8350-300x225.jpg?resize=300%2C225\" alt=\"\" width=\"300\" height=\"225\" srcset=\"https:\/\/i0.wp.com\/www.apvnorge.no\/wp-content\/uploads\/2017\/06\/IMG_8350.jpg?resize=300%2C225&amp;ssl=1 300w, https:\/\/i0.wp.com\/www.apvnorge.no\/wp-content\/uploads\/2017\/06\/IMG_8350.jpg?resize=768%2C576&amp;ssl=1 768w, https:\/\/i0.wp.com\/www.apvnorge.no\/wp-content\/uploads\/2017\/06\/IMG_8350.jpg?resize=1024%2C768&amp;ssl=1 1024w, https:\/\/i0.wp.com\/www.apvnorge.no\/wp-content\/uploads\/2017\/06\/IMG_8350.jpg?resize=600%2C450&amp;ssl=1 600w, https:\/\/i0.wp.com\/www.apvnorge.no\/wp-content\/uploads\/2017\/06\/IMG_8350.jpg?w=1632&amp;ssl=1 1632w, https:\/\/i0.wp.com\/www.apvnorge.no\/wp-content\/uploads\/2017\/06\/IMG_8350.jpg?w=1280&amp;ssl=1 1280w\" sizes=\"auto, (max-width: 300px) 100vw, 300px\" \/> <img data-recalc-dims=\"1\" loading=\"lazy\" decoding=\"async\" class=\"alignnone wp-image-304 size-medium\" src=\"https:\/\/i0.wp.com\/www.apvnorge.no\/wp-content\/uploads\/2017\/06\/IMG_8372-e1497728505898-225x300.jpg?resize=225%2C300\" alt=\"\" width=\"225\" height=\"300\" srcset=\"https:\/\/i0.wp.com\/www.apvnorge.no\/wp-content\/uploads\/2017\/06\/IMG_8372-e1497728505898.jpg?resize=225%2C300&amp;ssl=1 225w, https:\/\/i0.wp.com\/www.apvnorge.no\/wp-content\/uploads\/2017\/06\/IMG_8372-e1497728505898.jpg?resize=768%2C1024&amp;ssl=1 768w, https:\/\/i0.wp.com\/www.apvnorge.no\/wp-content\/uploads\/2017\/06\/IMG_8372-e1497728505898.jpg?w=1224&amp;ssl=1 1224w\" sizes=\"auto, (max-width: 225px) 100vw, 225px\" \/> <img data-recalc-dims=\"1\" loading=\"lazy\" decoding=\"async\" class=\"alignnone wp-image-305 size-medium\" src=\"https:\/\/i0.wp.com\/www.apvnorge.no\/wp-content\/uploads\/2017\/06\/IMG_8380-e1497728482672-225x300.jpg?resize=225%2C300\" alt=\"\" width=\"225\" height=\"300\" srcset=\"https:\/\/i0.wp.com\/www.apvnorge.no\/wp-content\/uploads\/2017\/06\/IMG_8380-e1497728482672.jpg?resize=225%2C300&amp;ssl=1 225w, https:\/\/i0.wp.com\/www.apvnorge.no\/wp-content\/uploads\/2017\/06\/IMG_8380-e1497728482672.jpg?resize=768%2C1024&amp;ssl=1 768w, https:\/\/i0.wp.com\/www.apvnorge.no\/wp-content\/uploads\/2017\/06\/IMG_8380-e1497728482672.jpg?w=1224&amp;ssl=1 1224w\" sizes=\"auto, (max-width: 225px) 100vw, 225px\" \/> <img data-recalc-dims=\"1\" loading=\"lazy\" decoding=\"async\" class=\"alignnone size-medium wp-image-306\" src=\"https:\/\/i0.wp.com\/www.apvnorge.no\/wp-content\/uploads\/2017\/06\/IMG_8387-300x225.jpg?resize=300%2C225\" alt=\"\" width=\"300\" height=\"225\" srcset=\"https:\/\/i0.wp.com\/www.apvnorge.no\/wp-content\/uploads\/2017\/06\/IMG_8387.jpg?resize=300%2C225&amp;ssl=1 300w, https:\/\/i0.wp.com\/www.apvnorge.no\/wp-content\/uploads\/2017\/06\/IMG_8387.jpg?resize=768%2C576&amp;ssl=1 768w, https:\/\/i0.wp.com\/www.apvnorge.no\/wp-content\/uploads\/2017\/06\/IMG_8387.jpg?resize=1024%2C768&amp;ssl=1 1024w, https:\/\/i0.wp.com\/www.apvnorge.no\/wp-content\/uploads\/2017\/06\/IMG_8387.jpg?resize=600%2C450&amp;ssl=1 600w, https:\/\/i0.wp.com\/www.apvnorge.no\/wp-content\/uploads\/2017\/06\/IMG_8387.jpg?w=1632&amp;ssl=1 1632w, https:\/\/i0.wp.com\/www.apvnorge.no\/wp-content\/uploads\/2017\/06\/IMG_8387.jpg?w=1280&amp;ssl=1 1280w\" sizes=\"auto, (max-width: 300px) 100vw, 300px\" \/> <img data-recalc-dims=\"1\" loading=\"lazy\" decoding=\"async\" class=\"alignnone wp-image-307 size-medium\" src=\"https:\/\/i0.wp.com\/www.apvnorge.no\/wp-content\/uploads\/2017\/06\/IMG_8396-e1497728525538-225x300.jpg?resize=225%2C300\" alt=\"\" width=\"225\" height=\"300\" srcset=\"https:\/\/i0.wp.com\/www.apvnorge.no\/wp-content\/uploads\/2017\/06\/IMG_8396-e1497728525538.jpg?resize=225%2C300&amp;ssl=1 225w, https:\/\/i0.wp.com\/www.apvnorge.no\/wp-content\/uploads\/2017\/06\/IMG_8396-e1497728525538.jpg?resize=768%2C1024&amp;ssl=1 768w, https:\/\/i0.wp.com\/www.apvnorge.no\/wp-content\/uploads\/2017\/06\/IMG_8396-e1497728525538.jpg?w=1224&amp;ssl=1 1224w\" sizes=\"auto, (max-width: 225px) 100vw, 225px\" \/> <img data-recalc-dims=\"1\" loading=\"lazy\" decoding=\"async\" class=\"alignnone size-medium wp-image-308\" src=\"https:\/\/i0.wp.com\/www.apvnorge.no\/wp-content\/uploads\/2017\/06\/IMG_8399-300x225.jpg?resize=300%2C225\" alt=\"\" width=\"300\" height=\"225\" srcset=\"https:\/\/i0.wp.com\/www.apvnorge.no\/wp-content\/uploads\/2017\/06\/IMG_8399.jpg?resize=300%2C225&amp;ssl=1 300w, https:\/\/i0.wp.com\/www.apvnorge.no\/wp-content\/uploads\/2017\/06\/IMG_8399.jpg?resize=768%2C576&amp;ssl=1 768w, https:\/\/i0.wp.com\/www.apvnorge.no\/wp-content\/uploads\/2017\/06\/IMG_8399.jpg?resize=1024%2C768&amp;ssl=1 1024w, https:\/\/i0.wp.com\/www.apvnorge.no\/wp-content\/uploads\/2017\/06\/IMG_8399.jpg?resize=600%2C450&amp;ssl=1 600w, https:\/\/i0.wp.com\/www.apvnorge.no\/wp-content\/uploads\/2017\/06\/IMG_8399.jpg?w=1632&amp;ssl=1 1632w, https:\/\/i0.wp.com\/www.apvnorge.no\/wp-content\/uploads\/2017\/06\/IMG_8399.jpg?w=1280&amp;ssl=1 1280w\" sizes=\"auto, (max-width: 300px) 100vw, 300px\" \/> <img data-recalc-dims=\"1\" loading=\"lazy\" decoding=\"async\" class=\"alignnone size-medium wp-image-309\" src=\"https:\/\/i0.wp.com\/www.apvnorge.no\/wp-content\/uploads\/2017\/06\/IMG_8402-300x225.jpg?resize=300%2C225\" alt=\"\" width=\"300\" height=\"225\" srcset=\"https:\/\/i0.wp.com\/www.apvnorge.no\/wp-content\/uploads\/2017\/06\/IMG_8402.jpg?resize=300%2C225&amp;ssl=1 300w, https:\/\/i0.wp.com\/www.apvnorge.no\/wp-content\/uploads\/2017\/06\/IMG_8402.jpg?resize=768%2C576&amp;ssl=1 768w, https:\/\/i0.wp.com\/www.apvnorge.no\/wp-content\/uploads\/2017\/06\/IMG_8402.jpg?resize=1024%2C768&amp;ssl=1 1024w, https:\/\/i0.wp.com\/www.apvnorge.no\/wp-content\/uploads\/2017\/06\/IMG_8402.jpg?resize=600%2C450&amp;ssl=1 600w, https:\/\/i0.wp.com\/www.apvnorge.no\/wp-content\/uploads\/2017\/06\/IMG_8402.jpg?w=1632&amp;ssl=1 1632w, https:\/\/i0.wp.com\/www.apvnorge.no\/wp-content\/uploads\/2017\/06\/IMG_8402.jpg?w=1280&amp;ssl=1 1280w\" sizes=\"auto, (max-width: 300px) 100vw, 300px\" \/><\/p>\n<p>&nbsp;<\/p>\n<p>&nbsp;<\/p>\n<p><strong>13.06.2017 &#8211;\u00a0D\u00e5rlig v\u00e6r, vindhastighet 27 km \/ t, er vi den eneste som dro til sj\u00f8s. Vi fanget noen fisk, men ingen stor. \/\u00a0Spatne pocasi, rychlost vetru 27km\/h, jsme jediny co jeli na otevrene more. Ulovili jsme nekolik ryb, ale zadnou velikou.<\/strong><\/p>\n<p><img data-recalc-dims=\"1\" loading=\"lazy\" decoding=\"async\" class=\"alignnone size-medium wp-image-300\" src=\"https:\/\/i0.wp.com\/www.apvnorge.no\/wp-content\/uploads\/2017\/06\/IMG_8312-e1497391767184-225x300.jpg?resize=225%2C300\" alt=\"\" width=\"225\" height=\"300\" srcset=\"https:\/\/i0.wp.com\/www.apvnorge.no\/wp-content\/uploads\/2017\/06\/IMG_8312-e1497391767184.jpg?resize=225%2C300&amp;ssl=1 225w, https:\/\/i0.wp.com\/www.apvnorge.no\/wp-content\/uploads\/2017\/06\/IMG_8312-e1497391767184.jpg?resize=768%2C1024&amp;ssl=1 768w, https:\/\/i0.wp.com\/www.apvnorge.no\/wp-content\/uploads\/2017\/06\/IMG_8312-e1497391767184.jpg?w=1224&amp;ssl=1 1224w\" sizes=\"auto, (max-width: 225px) 100vw, 225px\" \/><\/p>\n<p>&nbsp;<\/p>\n<p><strong>10.06.2017 &#8211; siste 11 timer, og g\u00e5 p\u00e5 en 50 timers tur hjem til den vakreste land p\u00e5 planeten v\u00e5r. \/ poslednich 11 hodin a vyrazime na 50 hodinovou cestu domu do nejkrasnejsi zeme nasi planety.<\/strong><\/p>\n<p><strong><br \/>\n<\/strong><\/p>\n<p><strong>09.06.2017 &#8211;\u00a01974 minutter til avreise, alt pakket og klart. \/\u00a01974 minut do odjezdu, vse zabaleno a pripraveno.\u00a0<\/strong><\/p>\n<p>&nbsp;<\/p>\n<p><strong>08.06.2017 &#8211;\u00a03513 minutter til avgang. I dag starter pakking av ting i bilen. I \u00e5r var det ikke s\u00e5 mye, men vi har de fleste ting. \/\u00a03513 minut do odjezdu. Dnes za\u010d\u00edn\u00e1 baleni v\u011bc\u00ed do auta. Letos n\u00e1s nen\u00ed tolik, ale v\u011bc\u00ed m\u00e1me nejv\u00edce.<\/strong><\/p>\n<p>&nbsp;<\/p>\n<p><strong>07.06.2017<\/strong> <strong>&#8211;\u00a04855 minutter til avgang p\u00e5 et oppdrag. Kontinuerlig oppl\u00e6ring utstyr for \u00e5rets eventyr \/\u00a04855 minut do odjezdu. Pokra\u010dujeme s p\u0159\u00edpravou vybaven\u00ed na leto\u0161n\u00ed dobrodru\u017estv\u00ed.<\/strong><\/p>\n<p>&nbsp;<\/p>\n<div id=\"apvno-1741517368\" class=\"apvno-after apvno-entity-placement\"><script>\r\n_adsys_id = 33949;\r\n_adsys_size = 1;\r\n<\/script>\r\n<script src=\"https:\/\/d.wedosas.net\/d.js\"><\/script>    \r\n<\/br>\r\n<div>\r\n<script async src=\"https:\/\/pagead2.googlesyndication.com\/pagead\/js\/adsbygoogle.js\"><\/script>\r\n<!-- AD-4 -->\r\n<ins class=\"adsbygoogle\"\r\n     style=\"display:inline-block;width:970px;height:250px\"\r\n     data-ad-client=\"ca-pub-7003427967427457\"\r\n     data-ad-slot=\"6272152047\"><\/ins>\r\n<script>\r\n     (adsbygoogle = window.adsbygoogle || []).push({});\r\n<\/script><\/div>\r\n<a href=\"https:\/\/affiliates.ssl.com\/820-3-1-13.html\" target=\"_blank\"><img data-recalc-dims=\"1\" loading=\"lazy\" decoding=\"async\" style=\"border:0px\" src=\"https:\/\/i0.wp.com\/affiliates.ssl.com\/media\/banners\/SSL-banner-UC-certificate-2-v5.png?resize=640%2C79&#038;ssl=1\" width=\"640\" height=\"79\" alt=\"Microsoft Exchange SAN UCC SSL\"><\/a><\/div>","protected":false},"excerpt":{"rendered":"<p>&nbsp; 19.06.2017 &#8211;\u00a0I dag, mandag, fortsatt s\u00f8rvest periodevis stiv kuling 15 m\/s, tirsdag formiddag dreiende nordvest. \/ Dalsi den bez rybolovu, silny vitr a zakaz vjezdu na more &nbsp; 17.08.2017 &#8211;\u00a0I dag, p\u00e5 jakt etter et sted utenfor kartet, 19,5 km fra kysten \/\u00a0Dnes lov na mistech mimo mapu, 19.5 km od pobrezi &nbsp; &nbsp; [&hellip;]<\/p>\n","protected":false},"author":1,"featured_media":0,"parent":326,"menu_order":0,"comment_status":"closed","ping_status":"closed","template":"","meta":{"om_disable_all_campaigns":false,"_exactmetrics_skip_tracking":false,"_exactmetrics_sitenote_active":false,"_exactmetrics_sitenote_note":"","_exactmetrics_sitenote_category":0,"_monsterinsights_skip_tracking":false,"_monsterinsights_sitenote_active":false,"_monsterinsights_sitenote_note":"","_monsterinsights_sitenote_category":0,"_uf_show_specific_survey":0,"_uf_disable_surveys":false,"jetpack_post_was_ever_published":false,"footnotes":""},"class_list":["post-280","page","type-page","status-publish","hentry"],"translation":{"provider":"WPGlobus","version":"3.0.2","language":"cz","enabled_languages":["en","no","cz"],"languages":{"en":{"title":true,"content":true,"excerpt":false},"no":{"title":false,"content":false,"excerpt":false},"cz":{"title":false,"content":false,"excerpt":false}}},"aioseo_notices":[],"jetpack_sharing_enabled":true,"jetpack_shortlink":"https:\/\/wp.me\/P9T0bk-4w","jetpack-related-posts":[],"jetpack_likes_enabled":true,"amp_enabled":true,"_links":{"self":[{"href":"https:\/\/www.apvnorge.no\/cz\/wp-json\/wp\/v2\/pages\/280","targetHints":{"allow":["GET"]}}],"collection":[{"href":"https:\/\/www.apvnorge.no\/cz\/wp-json\/wp\/v2\/pages"}],"about":[{"href":"https:\/\/www.apvnorge.no\/cz\/wp-json\/wp\/v2\/types\/page"}],"author":[{"embeddable":true,"href":"https:\/\/www.apvnorge.no\/cz\/wp-json\/wp\/v2\/users\/1"}],"replies":[{"embeddable":true,"href":"https:\/\/www.apvnorge.no\/cz\/wp-json\/wp\/v2\/comments?post=280"}],"version-history":[{"count":23,"href":"https:\/\/www.apvnorge.no\/cz\/wp-json\/wp\/v2\/pages\/280\/revisions"}],"predecessor-version":[{"id":314,"href":"https:\/\/www.apvnorge.no\/cz\/wp-json\/wp\/v2\/pages\/280\/revisions\/314"}],"up":[{"embeddable":true,"href":"https:\/\/www.apvnorge.no\/cz\/wp-json\/wp\/v2\/pages\/326"}],"wp:attachment":[{"href":"https:\/\/www.apvnorge.no\/cz\/wp-json\/wp\/v2\/media?parent=280"}],"curies":[{"name":"wp","href":"https:\/\/api.w.org\/{rel}","templated":true}]}}