{"id":1515,"date":"2019-08-16T09:21:05","date_gmt":"2019-08-16T07:21:05","guid":{"rendered":"https:\/\/www.apvnorge.no\/?page_id=1515"},"modified":"2019-10-10T23:50:54","modified_gmt":"2019-10-10T21:50:54","slug":"iplace","status":"publish","type":"page","link":"https:\/\/www.apvnorge.no\/cz\/software\/iplace\/","title":{"rendered":"IPlace"},"content":{"rendered":"<div id=\"apvno-3092368016\" class=\"apvno-before-content apvno-entity-placement\"><script async src=\"\/\/pagead2.googlesyndication.com\/pagead\/js\/adsbygoogle.js?client=ca-pub-7003427967427457\" crossorigin=\"anonymous\"><\/script><ins class=\"adsbygoogle\" style=\"display:inline-block;width:970px;height:250px;\" \ndata-ad-client=\"ca-pub-7003427967427457\" \ndata-ad-slot=\"6272152047\"><\/ins> \n<script> \n(adsbygoogle = window.adsbygoogle || []).push({}); \n<\/script>\n<\/div>\n<p style=\"text-align:left\" class=\"has-large-font-size\"><strong>IPlace &#8211; Objevujte a sd\u00edlejte sv\u00e1 obl\u00edben\u00e1 m\u00edsta<\/strong><\/p>\n\n\n\n<hr class=\"wp-block-separator\"\/>\n\n\n\n<p style=\"text-align:left\" class=\"has-background has-large-font-size has-cyan-bluish-gray-background-color\"><strong><a href=\"https:\/\/play.google.com\/store\/apps\/details?id=com.apvn.iplace&amp;hl=en\">ZDARMA KE STA\u017dEN\u00cd NA GOOGLE PLAY<\/a><\/strong><\/p>\n\n\n\n<hr class=\"wp-block-separator\"\/>\n\n\n\n<p><strong>Co je IPlace<\/strong><br> Aplikace, kter\u00e1 v\u00e1m umo\u017en\u00ed vytvo\u0159it si vlastn\u00ed datab\u00e1zi obl\u00edben\u00fdch m\u00edst, kter\u00e1 m\u016f\u017eete sd\u00edlet s ostatn\u00edmi u\u017eivateli, nebo ho m\u00edt jen lok\u00e1ln\u011b ulo\u017een\u00e9 pouze pro V\u00e1s. Aplikace je ide\u00e1ln\u00edm n\u00e1strojem pro turistiku, fotografie, cestov\u00e1n\u00ed a objevov\u00e1n\u00ed.<\/p>\n\n\n\n<p><strong>Co IPlace um\u00ed<\/strong><br> IPlace umo\u017enuje sd\u00edlen\u00ed m\u00edst s ostatn\u00edmi u\u017eivateli<br> Navigovat k m\u00edst\u016fm pomoc\u00ed Google map<br> Podporuje r\u016fzn\u00e1 zobrazen\u00ed mapy.<br> Dok\u00e1\u017ee Va\u0161e m\u00edsta sd\u00edlet pomoc\u00ed emailu<br> Ve\u0161ker\u00e1 Va\u0161e data \u0161ifruje pokro\u010dilou technologi\u00ed.<br> Umo\u017enuje V\u00e1m p\u0159ed\u010d\u00edtat informace o vybran\u00e9m m\u00edstu<br> Podporuje dva motivy sv\u011btl\u00fd a tmav\u00fd<br> Umo\u017enuje z\u00e1lohov\u00e1n\u00ed Va\u0161ich dat<\/p>\n\n\n\n<p><strong>Jaka opr\u00e1vn\u011bn\u00ed IPlace vy\u017eaduje pro sv\u016fj provoz<\/strong><br> Um\u00edst\u011bn\u00ed, p\u0159ibli\u017en\u00e1 poloha (v s\u00edti). p\u0159esn\u00e9 um\u00edst\u011bn\u00ed GPS a s\u00ed\u0165ov\u00e9<br> P\u0159ij\u00edmat data z internetu<br> Zobrazit s\u00ed\u0165ov\u00e1 p\u0159ipojen\u00ed<br> Pln\u00fd p\u0159\u00edstup k s\u00edti<br> Ovl\u00e1d\u00e1n\u00ed vibrac\u00ed<br> Zabr\u00e1nit za\u0159\u00edzen\u00ed ve sp\u00e1nku<\/p>\n\n\n\n<p><strong>Posl\u00e1n\u00ed aplikace IPlace<\/strong><br> Pomozte roz\u0161\u00ed\u0159it datab\u00e1zi o tolik zaj\u00edmav\u00fdch m\u00edst, kolik byste cht\u011bli nav\u0161t\u00edvit po cel\u00e9m sv\u011bt\u011b. <br> Ukl\u00e1dejte si sv\u00e1 obl\u00edben\u00e1 m\u00edsta, kter\u00e1 chcete v budoucnu nav\u0161t\u00edvit, pokud se jedn\u00e1 o Va\u0161e soukrom\u00e9 m\u00edsto, o kter\u00e9m nechcete nikomu \u0159\u00edkat neozna\u010dujte ho jako ve\u0159ejn\u00e9, takov\u00e9 m\u00edsto bude ulo\u017eeno pouze ve Va\u0161\u00ed datab\u00e1zi.<br> Ke ka\u017ed\u00e9mu m\u00edstu, kter\u00e9 je ozna\u010deno jako ve\u0159ejn\u00e9, mus\u00edte p\u0159idat fotografii, aby ostatn\u00ed u\u017eivatel\u00e9 mohli toto m\u00edsto vid\u011bt v cel\u00e9 sv\u00e9 kr\u00e1se.<\/p>\n\n\n\n<p><strong>Budouc\u00ed verze<\/strong><br> Na aplikaci st\u00e1le pracujeme a ka\u017edou dal\u0161\u00ed verz\u00ed j\u00ed posouv\u00e1me d\u00e1l. Ka\u017ed\u00fd V\u00e1\u0161 n\u00e1pad, kter\u00fd bude p\u0159\u00ednosem pro ostatn\u00ed u\u017eivatele zapracujeme do aplikace, nev\u00e1hejte n\u00e1s kontaktovat na emailu iplace@apvnorge.no.<\/p>\n\n\n\n<p style=\"text-align:center\" class=\"has-background has-large-font-size has-very-light-gray-background-color\"><strong><a href=\"https:\/\/play.google.com\/store\/apps\/details?id=com.apvn.iplace&amp;hl=en\">APLIKACE JE ZDARMA KE STA\u017dEN\u00cd NA GOOGLE PLAY<\/a><\/strong><\/p>\n\n\n\n<ul class=\"wp-block-gallery columns-3 is-cropped wp-block-gallery-1 is-layout-flex wp-block-gallery-is-layout-flex\"><li class=\"blocks-gallery-item\"><figure><img data-recalc-dims=\"1\" loading=\"lazy\" decoding=\"async\" width=\"512\" height=\"512\" src=\"https:\/\/i0.wp.com\/www.apvnorge.no\/wp-content\/uploads\/2019\/08\/iplace.png?resize=512%2C512&#038;ssl=1\" alt=\"\" data-id=\"1543\" data-link=\"https:\/\/www.apvnorge.no\/software\/iplace\/iplace-2\/\" class=\"wp-image-1543\" srcset=\"https:\/\/i0.wp.com\/www.apvnorge.no\/wp-content\/uploads\/2019\/08\/iplace.png?w=512&amp;ssl=1 512w, https:\/\/i0.wp.com\/www.apvnorge.no\/wp-content\/uploads\/2019\/08\/iplace.png?resize=150%2C150&amp;ssl=1 150w, https:\/\/i0.wp.com\/www.apvnorge.no\/wp-content\/uploads\/2019\/08\/iplace.png?resize=300%2C300&amp;ssl=1 300w, https:\/\/i0.wp.com\/www.apvnorge.no\/wp-content\/uploads\/2019\/08\/iplace.png?resize=400%2C400&amp;ssl=1 400w\" sizes=\"auto, (max-width: 512px) 100vw, 512px\" \/><\/figure><\/li><li class=\"blocks-gallery-item\"><figure><img data-recalc-dims=\"1\" loading=\"lazy\" decoding=\"async\" width=\"512\" height=\"1024\" src=\"https:\/\/i0.wp.com\/www.apvnorge.no\/wp-content\/uploads\/2019\/08\/Screenshot_20190806-110056.png?resize=512%2C1024&#038;ssl=1\" alt=\"\" data-id=\"1526\" data-link=\"https:\/\/www.apvnorge.no\/software\/iplace\/screenshot_20190806-110056\/\" class=\"wp-image-1526\" srcset=\"https:\/\/i0.wp.com\/www.apvnorge.no\/wp-content\/uploads\/2019\/08\/Screenshot_20190806-110056.png?resize=512%2C1024&amp;ssl=1 512w, https:\/\/i0.wp.com\/www.apvnorge.no\/wp-content\/uploads\/2019\/08\/Screenshot_20190806-110056.png?resize=150%2C300&amp;ssl=1 150w, https:\/\/i0.wp.com\/www.apvnorge.no\/wp-content\/uploads\/2019\/08\/Screenshot_20190806-110056.png?resize=300%2C600&amp;ssl=1 300w, https:\/\/i0.wp.com\/www.apvnorge.no\/wp-content\/uploads\/2019\/08\/Screenshot_20190806-110056.png?w=720&amp;ssl=1 720w\" sizes=\"auto, (max-width: 512px) 100vw, 512px\" \/><\/figure><\/li><li class=\"blocks-gallery-item\"><figure><img data-recalc-dims=\"1\" loading=\"lazy\" decoding=\"async\" width=\"576\" height=\"1024\" src=\"https:\/\/i0.wp.com\/www.apvnorge.no\/wp-content\/uploads\/2019\/08\/Screenshot_1565939512.png?resize=576%2C1024&#038;ssl=1\" alt=\"\" data-id=\"1524\" data-link=\"https:\/\/www.apvnorge.no\/software\/iplace\/screenshot_1565939512\/\" class=\"wp-image-1524\" srcset=\"https:\/\/i0.wp.com\/www.apvnorge.no\/wp-content\/uploads\/2019\/08\/Screenshot_1565939512.png?resize=576%2C1024&amp;ssl=1 576w, https:\/\/i0.wp.com\/www.apvnorge.no\/wp-content\/uploads\/2019\/08\/Screenshot_1565939512.png?resize=169%2C300&amp;ssl=1 169w, https:\/\/i0.wp.com\/www.apvnorge.no\/wp-content\/uploads\/2019\/08\/Screenshot_1565939512.png?resize=768%2C1365&amp;ssl=1 768w, https:\/\/i0.wp.com\/www.apvnorge.no\/wp-content\/uploads\/2019\/08\/Screenshot_1565939512.png?resize=338%2C600&amp;ssl=1 338w, https:\/\/i0.wp.com\/www.apvnorge.no\/wp-content\/uploads\/2019\/08\/Screenshot_1565939512.png?w=1080&amp;ssl=1 1080w\" sizes=\"auto, (max-width: 576px) 100vw, 576px\" \/><\/figure><\/li><li class=\"blocks-gallery-item\"><figure><img data-recalc-dims=\"1\" loading=\"lazy\" decoding=\"async\" width=\"512\" height=\"1024\" src=\"https:\/\/i0.wp.com\/www.apvnorge.no\/wp-content\/uploads\/2019\/08\/Screenshot_20190806-112604.png?resize=512%2C1024&#038;ssl=1\" alt=\"\" data-id=\"1545\" data-link=\"https:\/\/www.apvnorge.no\/software\/iplace\/screenshot_20190806-112604\/\" class=\"wp-image-1545\" srcset=\"https:\/\/i0.wp.com\/www.apvnorge.no\/wp-content\/uploads\/2019\/08\/Screenshot_20190806-112604.png?resize=512%2C1024&amp;ssl=1 512w, https:\/\/i0.wp.com\/www.apvnorge.no\/wp-content\/uploads\/2019\/08\/Screenshot_20190806-112604.png?resize=150%2C300&amp;ssl=1 150w, https:\/\/i0.wp.com\/www.apvnorge.no\/wp-content\/uploads\/2019\/08\/Screenshot_20190806-112604.png?resize=300%2C600&amp;ssl=1 300w, https:\/\/i0.wp.com\/www.apvnorge.no\/wp-content\/uploads\/2019\/08\/Screenshot_20190806-112604.png?w=720&amp;ssl=1 720w\" sizes=\"auto, (max-width: 512px) 100vw, 512px\" \/><\/figure><\/li><li class=\"blocks-gallery-item\"><figure><img data-recalc-dims=\"1\" loading=\"lazy\" decoding=\"async\" width=\"512\" height=\"1024\" src=\"https:\/\/i0.wp.com\/www.apvnorge.no\/wp-content\/uploads\/2019\/09\/Screenshot_1568013677.png?resize=512%2C1024&#038;ssl=1\" alt=\"\" data-id=\"1563\" data-link=\"https:\/\/www.apvnorge.no\/software\/iplace\/screenshot_1568013677\/\" class=\"wp-image-1563\" srcset=\"https:\/\/i0.wp.com\/www.apvnorge.no\/wp-content\/uploads\/2019\/09\/Screenshot_1568013677.png?resize=512%2C1024&amp;ssl=1 512w, https:\/\/i0.wp.com\/www.apvnorge.no\/wp-content\/uploads\/2019\/09\/Screenshot_1568013677.png?resize=150%2C300&amp;ssl=1 150w, https:\/\/i0.wp.com\/www.apvnorge.no\/wp-content\/uploads\/2019\/09\/Screenshot_1568013677.png?resize=768%2C1536&amp;ssl=1 768w, https:\/\/i0.wp.com\/www.apvnorge.no\/wp-content\/uploads\/2019\/09\/Screenshot_1568013677.png?w=1440&amp;ssl=1 1440w, https:\/\/i0.wp.com\/www.apvnorge.no\/wp-content\/uploads\/2019\/09\/Screenshot_1568013677.png?w=1280&amp;ssl=1 1280w\" sizes=\"auto, (max-width: 512px) 100vw, 512px\" \/><\/figure><\/li><li class=\"blocks-gallery-item\"><figure><img data-recalc-dims=\"1\" loading=\"lazy\" decoding=\"async\" width=\"512\" height=\"1024\" src=\"https:\/\/i0.wp.com\/www.apvnorge.no\/wp-content\/uploads\/2019\/09\/Screenshot_1568013659.png?resize=512%2C1024&#038;ssl=1\" alt=\"\" data-id=\"1562\" data-link=\"https:\/\/www.apvnorge.no\/software\/iplace\/screenshot_1568013659\/\" class=\"wp-image-1562\" srcset=\"https:\/\/i0.wp.com\/www.apvnorge.no\/wp-content\/uploads\/2019\/09\/Screenshot_1568013659.png?resize=512%2C1024&amp;ssl=1 512w, https:\/\/i0.wp.com\/www.apvnorge.no\/wp-content\/uploads\/2019\/09\/Screenshot_1568013659.png?resize=150%2C300&amp;ssl=1 150w, https:\/\/i0.wp.com\/www.apvnorge.no\/wp-content\/uploads\/2019\/09\/Screenshot_1568013659.png?resize=768%2C1536&amp;ssl=1 768w, https:\/\/i0.wp.com\/www.apvnorge.no\/wp-content\/uploads\/2019\/09\/Screenshot_1568013659.png?w=1440&amp;ssl=1 1440w, https:\/\/i0.wp.com\/www.apvnorge.no\/wp-content\/uploads\/2019\/09\/Screenshot_1568013659.png?w=1280&amp;ssl=1 1280w\" sizes=\"auto, (max-width: 512px) 100vw, 512px\" \/><\/figure><\/li><li class=\"blocks-gallery-item\"><figure><img data-recalc-dims=\"1\" loading=\"lazy\" decoding=\"async\" width=\"512\" height=\"1024\" src=\"https:\/\/i0.wp.com\/www.apvnorge.no\/wp-content\/uploads\/2019\/08\/Screenshot_20190806-105816.png?resize=512%2C1024&#038;ssl=1\" alt=\"\" data-id=\"1527\" data-link=\"https:\/\/www.apvnorge.no\/software\/iplace\/screenshot_20190806-105816\/\" class=\"wp-image-1527\" srcset=\"https:\/\/i0.wp.com\/www.apvnorge.no\/wp-content\/uploads\/2019\/08\/Screenshot_20190806-105816.png?resize=512%2C1024&amp;ssl=1 512w, https:\/\/i0.wp.com\/www.apvnorge.no\/wp-content\/uploads\/2019\/08\/Screenshot_20190806-105816.png?resize=150%2C300&amp;ssl=1 150w, https:\/\/i0.wp.com\/www.apvnorge.no\/wp-content\/uploads\/2019\/08\/Screenshot_20190806-105816.png?resize=300%2C600&amp;ssl=1 300w, https:\/\/i0.wp.com\/www.apvnorge.no\/wp-content\/uploads\/2019\/08\/Screenshot_20190806-105816.png?w=720&amp;ssl=1 720w\" sizes=\"auto, (max-width: 512px) 100vw, 512px\" \/><\/figure><\/li><\/ul>\n<div id=\"apvno-230695006\" class=\"apvno-after apvno-entity-placement\"><script>\r\n_adsys_id = 33949;\r\n_adsys_size = 1;\r\n<\/script>\r\n<script src=\"https:\/\/d.wedosas.net\/d.js\"><\/script>    \r\n<\/br>\r\n<div>\r\n<script async src=\"https:\/\/pagead2.googlesyndication.com\/pagead\/js\/adsbygoogle.js\"><\/script>\r\n<!-- AD-4 -->\r\n<ins class=\"adsbygoogle\"\r\n     style=\"display:inline-block;width:970px;height:250px\"\r\n     data-ad-client=\"ca-pub-7003427967427457\"\r\n     data-ad-slot=\"6272152047\"><\/ins>\r\n<script>\r\n     (adsbygoogle = window.adsbygoogle || []).push({});\r\n<\/script><\/div>\r\n<a href=\"https:\/\/affiliates.ssl.com\/820-3-1-13.html\" target=\"_blank\"><img data-recalc-dims=\"1\" loading=\"lazy\" decoding=\"async\" style=\"border:0px\" src=\"https:\/\/i0.wp.com\/affiliates.ssl.com\/media\/banners\/SSL-banner-UC-certificate-2-v5.png?resize=640%2C79&#038;ssl=1\" width=\"640\" height=\"79\" alt=\"Microsoft Exchange SAN UCC SSL\"><\/a><\/div>","protected":false},"excerpt":{"rendered":"<p>IPlace &#8211; Objevujte a sd\u00edlejte sv\u00e1 obl\u00edben\u00e1 m\u00edsta ZDARMA KE STA\u017dEN\u00cd NA GOOGLE PLAY Co je IPlace Aplikace, kter\u00e1 v\u00e1m umo\u017en\u00ed vytvo\u0159it si vlastn\u00ed datab\u00e1zi obl\u00edben\u00fdch m\u00edst, kter\u00e1 m\u016f\u017eete sd\u00edlet s ostatn\u00edmi u\u017eivateli, nebo ho m\u00edt jen lok\u00e1ln\u011b ulo\u017een\u00e9 pouze pro V\u00e1s. Aplikace je ide\u00e1ln\u00edm n\u00e1strojem pro turistiku, fotografie, cestov\u00e1n\u00ed a objevov\u00e1n\u00ed. Co IPlace um\u00ed [&hellip;]<\/p>\n","protected":false},"author":1,"featured_media":1552,"parent":998,"menu_order":0,"comment_status":"open","ping_status":"closed","template":"","meta":{"om_disable_all_campaigns":false,"_exactmetrics_skip_tracking":false,"_exactmetrics_sitenote_active":false,"_exactmetrics_sitenote_note":"","_exactmetrics_sitenote_category":0,"_monsterinsights_skip_tracking":false,"_monsterinsights_sitenote_active":false,"_monsterinsights_sitenote_note":"","_monsterinsights_sitenote_category":0,"_uf_show_specific_survey":0,"_uf_disable_surveys":false,"jetpack_post_was_ever_published":false,"footnotes":""},"class_list":["post-1515","page","type-page","status-publish","has-post-thumbnail","hentry"],"translation":{"provider":"WPGlobus","version":"3.0.2","language":"cz","enabled_languages":["en","no","cz"],"languages":{"en":{"title":true,"content":true,"excerpt":false},"no":{"title":false,"content":false,"excerpt":false},"cz":{"title":true,"content":true,"excerpt":false}}},"aioseo_notices":[],"jetpack_sharing_enabled":true,"jetpack_shortlink":"https:\/\/wp.me\/P9T0bk-or","jetpack-related-posts":[],"jetpack_likes_enabled":true,"amp_enabled":true,"_links":{"self":[{"href":"https:\/\/www.apvnorge.no\/cz\/wp-json\/wp\/v2\/pages\/1515","targetHints":{"allow":["GET"]}}],"collection":[{"href":"https:\/\/www.apvnorge.no\/cz\/wp-json\/wp\/v2\/pages"}],"about":[{"href":"https:\/\/www.apvnorge.no\/cz\/wp-json\/wp\/v2\/types\/page"}],"author":[{"embeddable":true,"href":"https:\/\/www.apvnorge.no\/cz\/wp-json\/wp\/v2\/users\/1"}],"replies":[{"embeddable":true,"href":"https:\/\/www.apvnorge.no\/cz\/wp-json\/wp\/v2\/comments?post=1515"}],"version-history":[{"count":32,"href":"https:\/\/www.apvnorge.no\/cz\/wp-json\/wp\/v2\/pages\/1515\/revisions"}],"predecessor-version":[{"id":1615,"href":"https:\/\/www.apvnorge.no\/cz\/wp-json\/wp\/v2\/pages\/1515\/revisions\/1615"}],"up":[{"embeddable":true,"href":"https:\/\/www.apvnorge.no\/cz\/wp-json\/wp\/v2\/pages\/998"}],"wp:featuredmedia":[{"embeddable":true,"href":"https:\/\/www.apvnorge.no\/cz\/wp-json\/wp\/v2\/media\/1552"}],"wp:attachment":[{"href":"https:\/\/www.apvnorge.no\/cz\/wp-json\/wp\/v2\/media?parent=1515"}],"curies":[{"name":"wp","href":"https:\/\/api.w.org\/{rel}","templated":true}]}}